{"id":145393,"date":"2024-05-28T10:06:14","date_gmt":"2024-05-28T08:06:14","guid":{"rendered":"https:\/\/www.greekgourmet.ch\/produkte\/unkategorisiert\/agrino-linsen-fein-gr-500g\/"},"modified":"2026-04-21T10:16:06","modified_gmt":"2026-04-21T08:16:06","slug":"agrino-linsen-fein-gr-500g","status":"publish","type":"product","link":"https:\/\/www.greekgourmet.ch\/de\/produkte\/greek-traditional\/bohnen-linsen\/agrino-linsen-fein-gr-500g\/","title":{"rendered":"Agrino Linsen fein (GR) 500g"},"content":{"rendered":"<p>Speziell ausgelesene griechische Linsen. Hauptnahrung in der Mediterranen Ern\u00e4hrung, mit hohem N\u00e4hrwert und vollem Geschmack.<br \/>\nGeeignet f\u00fcr Vegetarier. Gute Quelle f\u00fcr Lysin, eine sehr wichtige Aminos\u00e4ure, wichtig in der vegetarischen Ern\u00e4hrung. Reichhaltige Quelle an Ballaststoffen, Eiwei\u00df, Eisen und Vitamn B und gut gegen erh\u00f6hte Cholisterinwerte. Linseneint\u00f6pfe werden mit diesen Linsen zum reinsten Genuss. Unterst\u00fctzen Sie Ihre gesunde Ern\u00e4hrung.<\/p>\n","protected":false},"excerpt":{"rendered":"<p>Speziell ausgelesene griechische Linsen. Hauptnahrung in der Mediterranen Ern\u00e4hrung, mit hohem N\u00e4hrwert und vollem Geschmack. Geeignet f\u00fcr Vegetarier. Gute Quelle f\u00fcr Lysin, eine sehr wichtige Aminos\u00e4ure, wichtig in der vegetarischen Ern\u00e4hrung. Reichhaltige Quelle an Ballaststoffen, Eiwei\u00df, Eisen und Vitamn B und gut gegen erh\u00f6hte Cholisterinwerte. Linseneint\u00f6pfe werden mit diesen Linsen zum reinsten Genuss. Unterst\u00fctzen Sie<\/p>\n","protected":false},"featured_media":138050,"template":"","meta":{"_acf_changed":false},"product_brand":[],"product_cat":[68,926],"product_tag":[],"class_list":{"0":"post-145393","1":"product","2":"type-product","3":"status-publish","4":"has-post-thumbnail","6":"product_cat-bohnen-linsen","7":"product_cat-greek-traditional","9":"first","10":"instock","11":"taxable","12":"shipping-taxable","13":"purchasable","14":"product-type-variable","15":"has-default-attributes"},"acf":[],"_links":{"self":[{"href":"https:\/\/www.greekgourmet.ch\/de\/wp-json\/wp\/v2\/product\/145393","targetHints":{"allow":["GET"]}}],"collection":[{"href":"https:\/\/www.greekgourmet.ch\/de\/wp-json\/wp\/v2\/product"}],"about":[{"href":"https:\/\/www.greekgourmet.ch\/de\/wp-json\/wp\/v2\/types\/product"}],"wp:featuredmedia":[{"embeddable":true,"href":"https:\/\/www.greekgourmet.ch\/de\/wp-json\/wp\/v2\/media\/138050"}],"wp:attachment":[{"href":"https:\/\/www.greekgourmet.ch\/de\/wp-json\/wp\/v2\/media?parent=145393"}],"wp:term":[{"taxonomy":"product_brand","embeddable":true,"href":"https:\/\/www.greekgourmet.ch\/de\/wp-json\/wp\/v2\/product_brand?post=145393"},{"taxonomy":"product_cat","embeddable":true,"href":"https:\/\/www.greekgourmet.ch\/de\/wp-json\/wp\/v2\/product_cat?post=145393"},{"taxonomy":"product_tag","embeddable":true,"href":"https:\/\/www.greekgourmet.ch\/de\/wp-json\/wp\/v2\/product_tag?post=145393"}],"curies":[{"name":"wp","href":"https:\/\/api.w.org\/{rel}","templated":true}]}}