{"id":142963,"date":"2025-08-13T00:06:17","date_gmt":"2025-08-12T22:06:17","guid":{"rendered":"https:\/\/stage.greekgourmet.ch\/produkte\/unkategorisiert\/cavino-muscat-samos-weiss-15-75cl\/"},"modified":"2026-05-01T22:15:55","modified_gmt":"2026-05-01T20:15:55","slug":"cavino-muscat-samos-weiss-15-75cl","status":"publish","type":"product","link":"https:\/\/www.greekgourmet.ch\/de\/produkte\/wein\/weinwelt\/cavino-muscat-samos-weiss-15-75cl\/","title":{"rendered":"Cavino Muscat Samos weiss 15% 75cl"},"content":{"rendered":"<p>Edels\u00fc\u00dfer Samos-Lik\u00f6rwein aus der reinsortigen autochthonen (einheimischen) Moscatos-Traube der \u00e4g\u00e4ischen Insel Samos gekeltert.<\/p>\n","protected":false},"excerpt":{"rendered":"<p>Edels\u00fc\u00dfer Samos-Lik\u00f6rwein aus der reinsortigen autochthonen (einheimischen) Moscatos-Traube der \u00e4g\u00e4ischen Insel Samos gekeltert.<\/p>\n","protected":false},"featured_media":143220,"template":"","meta":{"_acf_changed":false},"product_brand":[],"product_cat":[461,894,895],"product_tag":[581],"class_list":{"0":"post-142963","1":"product","2":"type-product","3":"status-publish","4":"has-post-thumbnail","6":"product_cat-weinwelt","7":"product_cat-wein","8":"product_cat-weisswein","9":"product_tag-muscat-blanc","11":"first","12":"instock","13":"taxable","14":"shipping-taxable","15":"purchasable","16":"product-type-variable","17":"has-default-attributes"},"acf":[],"_links":{"self":[{"href":"https:\/\/www.greekgourmet.ch\/de\/wp-json\/wp\/v2\/product\/142963","targetHints":{"allow":["GET"]}}],"collection":[{"href":"https:\/\/www.greekgourmet.ch\/de\/wp-json\/wp\/v2\/product"}],"about":[{"href":"https:\/\/www.greekgourmet.ch\/de\/wp-json\/wp\/v2\/types\/product"}],"wp:featuredmedia":[{"embeddable":true,"href":"https:\/\/www.greekgourmet.ch\/de\/wp-json\/wp\/v2\/media\/143220"}],"wp:attachment":[{"href":"https:\/\/www.greekgourmet.ch\/de\/wp-json\/wp\/v2\/media?parent=142963"}],"wp:term":[{"taxonomy":"product_brand","embeddable":true,"href":"https:\/\/www.greekgourmet.ch\/de\/wp-json\/wp\/v2\/product_brand?post=142963"},{"taxonomy":"product_cat","embeddable":true,"href":"https:\/\/www.greekgourmet.ch\/de\/wp-json\/wp\/v2\/product_cat?post=142963"},{"taxonomy":"product_tag","embeddable":true,"href":"https:\/\/www.greekgourmet.ch\/de\/wp-json\/wp\/v2\/product_tag?post=142963"}],"curies":[{"name":"wp","href":"https:\/\/api.w.org\/{rel}","templated":true}]}}