{"id":142162,"date":"2026-04-16T08:06:25","date_gmt":"2026-04-16T06:06:25","guid":{"rendered":"https:\/\/stage.greekgourmet.ch\/produkte\/unkategorisiert\/lazaridi-amethystos-2023-rose-12-5-75cl\/"},"modified":"2026-04-20T02:16:21","modified_gmt":"2026-04-20T00:16:21","slug":"g-lafazanis-elysian-2023-rose-13-5-75cl","status":"publish","type":"product","link":"https:\/\/www.greekgourmet.ch\/de\/produkte\/wein\/weinwelt\/g-lafazanis-elysian-2023-rose-13-5-75cl\/","title":{"rendered":"G.Lafazanis Elysian 2023  ros\u00e9 13.5% 75cl"},"content":{"rendered":"<p>Produziert von der gro\u00dfartigen franz\u00f6sischen Sorte Syrah, die wir auf 800 m anbauen. H\u00f6he in Asprokampos von Nemea.<\/p>\n","protected":false},"excerpt":{"rendered":"<p>Produziert von der gro\u00dfartigen franz\u00f6sischen Sorte Syrah, die wir auf 800 m anbauen. H\u00f6he in Asprokampos von Nemea.<\/p>\n","protected":false},"featured_media":142405,"template":"","meta":{"_acf_changed":false},"product_brand":[],"product_cat":[461,894,896],"product_tag":[572],"class_list":{"0":"post-142162","1":"product","2":"type-product","3":"status-publish","4":"has-post-thumbnail","6":"product_cat-weinwelt","7":"product_cat-wein","8":"product_cat-rosewein","9":"product_tag-syrah","11":"first","12":"instock","13":"taxable","14":"shipping-taxable","15":"purchasable","16":"product-type-variable","17":"has-default-attributes"},"acf":[],"_links":{"self":[{"href":"https:\/\/www.greekgourmet.ch\/de\/wp-json\/wp\/v2\/product\/142162","targetHints":{"allow":["GET"]}}],"collection":[{"href":"https:\/\/www.greekgourmet.ch\/de\/wp-json\/wp\/v2\/product"}],"about":[{"href":"https:\/\/www.greekgourmet.ch\/de\/wp-json\/wp\/v2\/types\/product"}],"wp:featuredmedia":[{"embeddable":true,"href":"https:\/\/www.greekgourmet.ch\/de\/wp-json\/wp\/v2\/media\/142405"}],"wp:attachment":[{"href":"https:\/\/www.greekgourmet.ch\/de\/wp-json\/wp\/v2\/media?parent=142162"}],"wp:term":[{"taxonomy":"product_brand","embeddable":true,"href":"https:\/\/www.greekgourmet.ch\/de\/wp-json\/wp\/v2\/product_brand?post=142162"},{"taxonomy":"product_cat","embeddable":true,"href":"https:\/\/www.greekgourmet.ch\/de\/wp-json\/wp\/v2\/product_cat?post=142162"},{"taxonomy":"product_tag","embeddable":true,"href":"https:\/\/www.greekgourmet.ch\/de\/wp-json\/wp\/v2\/product_tag?post=142162"}],"curies":[{"name":"wp","href":"https:\/\/api.w.org\/{rel}","templated":true}]}}