{"id":142158,"date":"2026-04-07T12:06:36","date_gmt":"2026-04-07T10:06:36","guid":{"rendered":"https:\/\/stage.greekgourmet.ch\/produkte\/unkategorisiert\/lafazanis-orosimo-2020-rot-14-5-75cl\/"},"modified":"2026-04-20T16:16:54","modified_gmt":"2026-04-20T14:16:54","slug":"g-lafazanis-orosimo-2020-rot-14-5-75cl","status":"publish","type":"product","link":"https:\/\/www.greekgourmet.ch\/de\/produkte\/wein\/weinwelt\/g-lafazanis-orosimo-2020-rot-14-5-75cl\/","title":{"rendered":"G.Lafazanis Orosimo 2020 rot 14.5% 75cl"},"content":{"rendered":"<p>Die pers\u00f6nliche Wette von Vassilios Lafazanis. Der Wein, der den Touch der 3. Generation in der Familienerz\u00e4hlung markiert. Die Schaffung eines gro\u00dfartigen Weins mit Pers\u00f6nlichkeit und Charakter.<\/p>\n","protected":false},"excerpt":{"rendered":"<p>Die pers\u00f6nliche Wette von Vassilios Lafazanis. Der Wein, der den Touch der 3. Generation in der Familienerz\u00e4hlung markiert. Die Schaffung eines gro\u00dfartigen Weins mit Pers\u00f6nlichkeit und Charakter.<\/p>\n","protected":false},"featured_media":142246,"template":"","meta":{"_acf_changed":false},"product_brand":[],"product_cat":[461,894,466],"product_tag":[579,569,586,572],"class_list":{"0":"post-142158","1":"product","2":"type-product","3":"status-publish","4":"has-post-thumbnail","6":"product_cat-weinwelt","7":"product_cat-wein","8":"product_cat-rotwein","9":"product_tag-cabernet-franc","10":"product_tag-cabernet-sauvignon","11":"product_tag-merlot","12":"product_tag-syrah","14":"first","15":"instock","16":"taxable","17":"shipping-taxable","18":"purchasable","19":"product-type-variable","20":"has-default-attributes"},"acf":[],"_links":{"self":[{"href":"https:\/\/www.greekgourmet.ch\/de\/wp-json\/wp\/v2\/product\/142158","targetHints":{"allow":["GET"]}}],"collection":[{"href":"https:\/\/www.greekgourmet.ch\/de\/wp-json\/wp\/v2\/product"}],"about":[{"href":"https:\/\/www.greekgourmet.ch\/de\/wp-json\/wp\/v2\/types\/product"}],"wp:featuredmedia":[{"embeddable":true,"href":"https:\/\/www.greekgourmet.ch\/de\/wp-json\/wp\/v2\/media\/142246"}],"wp:attachment":[{"href":"https:\/\/www.greekgourmet.ch\/de\/wp-json\/wp\/v2\/media?parent=142158"}],"wp:term":[{"taxonomy":"product_brand","embeddable":true,"href":"https:\/\/www.greekgourmet.ch\/de\/wp-json\/wp\/v2\/product_brand?post=142158"},{"taxonomy":"product_cat","embeddable":true,"href":"https:\/\/www.greekgourmet.ch\/de\/wp-json\/wp\/v2\/product_cat?post=142158"},{"taxonomy":"product_tag","embeddable":true,"href":"https:\/\/www.greekgourmet.ch\/de\/wp-json\/wp\/v2\/product_tag?post=142158"}],"curies":[{"name":"wp","href":"https:\/\/api.w.org\/{rel}","templated":true}]}}