{"id":141274,"date":"2023-12-21T21:14:37","date_gmt":"2023-12-21T20:14:37","guid":{"rendered":"https:\/\/stage.greekgourmet.ch\/produkte\/unkategorisiert\/tresors-de-grece-evoo-5l-lakonias\/"},"modified":"2026-04-24T22:16:06","modified_gmt":"2026-04-24T20:16:06","slug":"tresors-de-grece-evoo-5l-lakonias","status":"publish","type":"product","link":"https:\/\/www.greekgourmet.ch\/de\/produkte\/tresors-de-grece\/tresors-de-grece-evoo-5l-lakonias\/","title":{"rendered":"TRESORS DE GRECE EVOO 5l &#8211; Lakonias"},"content":{"rendered":"<p>Sehr mildes geschmackvolles Oliven\u00f6l mit \u00e4usserst tiefem S\u00e4uregehalt kleiner als 0.18%!<\/p>\n","protected":false},"excerpt":{"rendered":"<p>Sehr mildes geschmackvolles Oliven\u00f6l mit \u00e4usserst tiefem S\u00e4uregehalt kleiner als 0.18%!<\/p>\n","protected":false},"featured_media":149477,"template":"","meta":{"_acf_changed":false},"product_brand":[],"product_cat":[911,94],"product_tag":[],"class_list":{"0":"post-141274","1":"product","2":"type-product","3":"status-publish","4":"has-post-thumbnail","6":"product_cat-oel-balsamico","7":"product_cat-tresors-de-grece","9":"first","10":"instock","11":"taxable","12":"shipping-taxable","13":"purchasable","14":"product-type-variable","15":"has-default-attributes"},"acf":[],"_links":{"self":[{"href":"https:\/\/www.greekgourmet.ch\/de\/wp-json\/wp\/v2\/product\/141274","targetHints":{"allow":["GET"]}}],"collection":[{"href":"https:\/\/www.greekgourmet.ch\/de\/wp-json\/wp\/v2\/product"}],"about":[{"href":"https:\/\/www.greekgourmet.ch\/de\/wp-json\/wp\/v2\/types\/product"}],"wp:featuredmedia":[{"embeddable":true,"href":"https:\/\/www.greekgourmet.ch\/de\/wp-json\/wp\/v2\/media\/149477"}],"wp:attachment":[{"href":"https:\/\/www.greekgourmet.ch\/de\/wp-json\/wp\/v2\/media?parent=141274"}],"wp:term":[{"taxonomy":"product_brand","embeddable":true,"href":"https:\/\/www.greekgourmet.ch\/de\/wp-json\/wp\/v2\/product_brand?post=141274"},{"taxonomy":"product_cat","embeddable":true,"href":"https:\/\/www.greekgourmet.ch\/de\/wp-json\/wp\/v2\/product_cat?post=141274"},{"taxonomy":"product_tag","embeddable":true,"href":"https:\/\/www.greekgourmet.ch\/de\/wp-json\/wp\/v2\/product_tag?post=141274"}],"curies":[{"name":"wp","href":"https:\/\/api.w.org\/{rel}","templated":true}]}}