{"id":141230,"date":"2023-12-21T21:14:21","date_gmt":"2023-12-21T20:14:21","guid":{"rendered":"https:\/\/stage.greekgourmet.ch\/produkte\/unkategorisiert\/tresors-liastee-getrocknete-tomaten-2-8kg\/"},"modified":"2026-04-20T14:16:31","modified_gmt":"2026-04-20T12:16:31","slug":"tresors-liastee-getrocknete-tomaten-2-8kg","status":"publish","type":"product","link":"https:\/\/www.greekgourmet.ch\/de\/produkte\/greek-traditional\/eingelegtes-gemuese-nicht-gekuehlt\/tresors-liastee-getrocknete-tomaten-2-8kg\/","title":{"rendered":"TRESORS &#8211; LiASTEE getrocknete Tomaten 2.8kg"},"content":{"rendered":"<p>Sorgf\u00e4ltig ausgew\u00e4hlte griechische Tomaten werden von Hand gestreckt und mit Hilfe von Erdw\u00e4rme schonend getrocknet. Diese einzigartige Methode bewahrt ihre zarte Textur, ihren vollen Geschmack, ihr reiches Aroma und ihre ern\u00e4hrungsphysiologischen Vorteile.<\/p>\n","protected":false},"excerpt":{"rendered":"<p>Sorgf\u00e4ltig ausgew\u00e4hlte griechische Tomaten werden von Hand gestreckt und mit Hilfe von Erdw\u00e4rme schonend getrocknet. Diese einzigartige Methode bewahrt ihre zarte Textur, ihren vollen Geschmack, ihr reiches Aroma und ihre ern\u00e4hrungsphysiologischen Vorteile.<\/p>\n","protected":false},"featured_media":139160,"template":"","meta":{"_acf_changed":false},"product_brand":[],"product_cat":[926,69,94],"product_tag":[],"class_list":{"0":"post-141230","1":"product","2":"type-product","3":"status-publish","4":"has-post-thumbnail","6":"product_cat-greek-traditional","7":"product_cat-eingelegtes-gemuese-nicht-gekuehlt","8":"product_cat-tresors-de-grece","10":"first","11":"instock","12":"taxable","13":"shipping-taxable","14":"purchasable","15":"product-type-variable","16":"has-default-attributes"},"acf":[],"_links":{"self":[{"href":"https:\/\/www.greekgourmet.ch\/de\/wp-json\/wp\/v2\/product\/141230","targetHints":{"allow":["GET"]}}],"collection":[{"href":"https:\/\/www.greekgourmet.ch\/de\/wp-json\/wp\/v2\/product"}],"about":[{"href":"https:\/\/www.greekgourmet.ch\/de\/wp-json\/wp\/v2\/types\/product"}],"wp:featuredmedia":[{"embeddable":true,"href":"https:\/\/www.greekgourmet.ch\/de\/wp-json\/wp\/v2\/media\/139160"}],"wp:attachment":[{"href":"https:\/\/www.greekgourmet.ch\/de\/wp-json\/wp\/v2\/media?parent=141230"}],"wp:term":[{"taxonomy":"product_brand","embeddable":true,"href":"https:\/\/www.greekgourmet.ch\/de\/wp-json\/wp\/v2\/product_brand?post=141230"},{"taxonomy":"product_cat","embeddable":true,"href":"https:\/\/www.greekgourmet.ch\/de\/wp-json\/wp\/v2\/product_cat?post=141230"},{"taxonomy":"product_tag","embeddable":true,"href":"https:\/\/www.greekgourmet.ch\/de\/wp-json\/wp\/v2\/product_tag?post=141230"}],"curies":[{"name":"wp","href":"https:\/\/api.w.org\/{rel}","templated":true}]}}