{"id":141222,"date":"2023-12-21T21:14:17","date_gmt":"2023-12-21T20:14:17","guid":{"rendered":"https:\/\/stage.greekgourmet.ch\/produkte\/unkategorisiert\/tirnavou-tsipuro-42-20cl-mit-anis\/"},"modified":"2026-04-24T22:16:05","modified_gmt":"2026-04-24T20:16:05","slug":"tirnavou-tsipuro-42-20cl-mit-anis","status":"publish","type":"product","link":"https:\/\/www.greekgourmet.ch\/de\/produkte\/ouzo-co\/tsipouro\/tirnavou-tsipuro-42-20cl-mit-anis\/","title":{"rendered":"Tirnavou Tsipuro 42% 20cl mit Anis"},"content":{"rendered":"<p>Tsipouro ist der Vorg\u00e4nger des Ouzo. Er wird aus dem Extrakt des Traubentresters hergestellt und enth\u00e4lt durch die Beimischung von Samen und Kr\u00e4utrn einen aussergew\u00f6hnlichen Geschmack.<\/p>\n<p>In der Brennerei Katsaros aus Tirnavos in Thessalien wird Tsipouro nunmehr seit vier Generationen destilliert. Das Familienunternehmen Katsaros arbeitet noch heute mit den Originalrezepturen des Firmengr\u00fcnders Nikolaos Katsaros aus dem Jahre 1856.<\/p>\n","protected":false},"excerpt":{"rendered":"<p>Tsipouro ist der Vorg\u00e4nger des Ouzo. Er wird aus dem Extrakt des Traubentresters hergestellt und enth\u00e4lt durch die Beimischung von Samen und Kr\u00e4utrn einen aussergew\u00f6hnlichen Geschmack. In der Brennerei Katsaros aus Tirnavos in Thessalien wird Tsipouro nunmehr seit vier Generationen destilliert. Das Familienunternehmen Katsaros arbeitet noch heute mit den Originalrezepturen des Firmengr\u00fcnders Nikolaos Katsaros aus<\/p>\n","protected":false},"featured_media":139144,"template":"","meta":{"_acf_changed":false},"product_brand":[],"product_cat":[901,906],"product_tag":[],"class_list":{"0":"post-141222","1":"product","2":"type-product","3":"status-publish","4":"has-post-thumbnail","6":"product_cat-ouzo-co","7":"product_cat-tsipouro","9":"first","10":"instock","11":"taxable","12":"shipping-taxable","13":"purchasable","14":"product-type-variable","15":"has-default-attributes"},"acf":[],"_links":{"self":[{"href":"https:\/\/www.greekgourmet.ch\/de\/wp-json\/wp\/v2\/product\/141222","targetHints":{"allow":["GET"]}}],"collection":[{"href":"https:\/\/www.greekgourmet.ch\/de\/wp-json\/wp\/v2\/product"}],"about":[{"href":"https:\/\/www.greekgourmet.ch\/de\/wp-json\/wp\/v2\/types\/product"}],"wp:featuredmedia":[{"embeddable":true,"href":"https:\/\/www.greekgourmet.ch\/de\/wp-json\/wp\/v2\/media\/139144"}],"wp:attachment":[{"href":"https:\/\/www.greekgourmet.ch\/de\/wp-json\/wp\/v2\/media?parent=141222"}],"wp:term":[{"taxonomy":"product_brand","embeddable":true,"href":"https:\/\/www.greekgourmet.ch\/de\/wp-json\/wp\/v2\/product_brand?post=141222"},{"taxonomy":"product_cat","embeddable":true,"href":"https:\/\/www.greekgourmet.ch\/de\/wp-json\/wp\/v2\/product_cat?post=141222"},{"taxonomy":"product_tag","embeddable":true,"href":"https:\/\/www.greekgourmet.ch\/de\/wp-json\/wp\/v2\/product_tag?post=141222"}],"curies":[{"name":"wp","href":"https:\/\/api.w.org\/{rel}","templated":true}]}}