{"id":141197,"date":"2023-12-21T21:14:10","date_gmt":"2023-12-21T20:14:10","guid":{"rendered":"https:\/\/stage.greekgourmet.ch\/produkte\/unkategorisiert\/serafim-kritharaki-aus-bueffelmilch-1000g\/"},"modified":"2026-04-21T16:16:04","modified_gmt":"2026-04-21T14:16:04","slug":"serafim-kritharaki-aus-bueffelmilch-1000g","status":"publish","type":"product","link":"https:\/\/www.greekgourmet.ch\/de\/produkte\/greek-traditional\/teigwaren-gries\/serafim-kritharaki-aus-bueffelmilch-1000g\/","title":{"rendered":"Serafim Kritharaki aus B\u00fcffelmilch 1000g"},"content":{"rendered":"<p>Traditionelle Orzo-Pasta mit Grie\u00df aus Hartweizen, Eier &#038; Milch bzw. B\u00fcffelmilch.<\/p>\n","protected":false},"excerpt":{"rendered":"<p>Traditionelle Orzo-Pasta mit Grie\u00df aus Hartweizen, Eier &#038; Milch bzw. B\u00fcffelmilch.<\/p>\n","protected":false},"featured_media":139090,"template":"","meta":{"_acf_changed":false},"product_brand":[],"product_cat":[926,928],"product_tag":[],"class_list":{"0":"post-141197","1":"product","2":"type-product","3":"status-publish","4":"has-post-thumbnail","6":"product_cat-greek-traditional","7":"product_cat-teigwaren-gries","9":"first","10":"instock","11":"taxable","12":"shipping-taxable","13":"purchasable","14":"product-type-variable","15":"has-default-attributes"},"acf":[],"_links":{"self":[{"href":"https:\/\/www.greekgourmet.ch\/de\/wp-json\/wp\/v2\/product\/141197","targetHints":{"allow":["GET"]}}],"collection":[{"href":"https:\/\/www.greekgourmet.ch\/de\/wp-json\/wp\/v2\/product"}],"about":[{"href":"https:\/\/www.greekgourmet.ch\/de\/wp-json\/wp\/v2\/types\/product"}],"wp:featuredmedia":[{"embeddable":true,"href":"https:\/\/www.greekgourmet.ch\/de\/wp-json\/wp\/v2\/media\/139090"}],"wp:attachment":[{"href":"https:\/\/www.greekgourmet.ch\/de\/wp-json\/wp\/v2\/media?parent=141197"}],"wp:term":[{"taxonomy":"product_brand","embeddable":true,"href":"https:\/\/www.greekgourmet.ch\/de\/wp-json\/wp\/v2\/product_brand?post=141197"},{"taxonomy":"product_cat","embeddable":true,"href":"https:\/\/www.greekgourmet.ch\/de\/wp-json\/wp\/v2\/product_cat?post=141197"},{"taxonomy":"product_tag","embeddable":true,"href":"https:\/\/www.greekgourmet.ch\/de\/wp-json\/wp\/v2\/product_tag?post=141197"}],"curies":[{"name":"wp","href":"https:\/\/api.w.org\/{rel}","templated":true}]}}