{"id":141185,"date":"2023-12-21T21:13:49","date_gmt":"2023-12-21T20:13:49","guid":{"rendered":"https:\/\/stage.greekgourmet.ch\/produkte\/unkategorisiert\/roots-mastiha-28-70cl\/"},"modified":"2026-04-20T10:16:22","modified_gmt":"2026-04-20T08:16:22","slug":"roots-mastiha-28-70cl","status":"publish","type":"product","link":"https:\/\/www.greekgourmet.ch\/de\/produkte\/ouzo-co\/mastiha\/roots-mastiha-28-70cl\/","title":{"rendered":"Roots Mastiha 28% 70cl"},"content":{"rendered":"<p>\u201eDie Tr\u00e4nen von Chios\u201c, Geschenk der Erde.<\/p>\n<p>Denn nur hier, auf der kleinen \u00e4g\u00e4ischen Insel Chios, wachsen die autochthonen Mastix-B\u00e4ume, aus deren Harz dieser einzigartige Premium-Lik\u00f6r gewonnen wird.<\/p>\n<p>Unverf\u00e4lscht rein \u2013 ohne Zugabe von \u00d6len und Additiven \u2013 ist der urspr\u00fcnglichste aller Mastihas.<\/p>\n","protected":false},"excerpt":{"rendered":"<p>\u201eDie Tr\u00e4nen von Chios\u201c, Geschenk der Erde. Denn nur hier, auf der kleinen \u00e4g\u00e4ischen Insel Chios, wachsen die autochthonen Mastix-B\u00e4ume, aus deren Harz dieser einzigartige Premium-Lik\u00f6r gewonnen wird. Unverf\u00e4lscht rein \u2013 ohne Zugabe von \u00d6len und Additiven \u2013 ist der urspr\u00fcnglichste aller Mastihas.<\/p>\n","protected":false},"featured_media":139064,"template":"","meta":{"_acf_changed":false},"product_brand":[],"product_cat":[901,904],"product_tag":[],"class_list":{"0":"post-141185","1":"product","2":"type-product","3":"status-publish","4":"has-post-thumbnail","6":"product_cat-ouzo-co","7":"product_cat-mastiha","9":"first","10":"instock","11":"taxable","12":"shipping-taxable","13":"purchasable","14":"product-type-variable","15":"has-default-attributes"},"acf":[],"_links":{"self":[{"href":"https:\/\/www.greekgourmet.ch\/de\/wp-json\/wp\/v2\/product\/141185","targetHints":{"allow":["GET"]}}],"collection":[{"href":"https:\/\/www.greekgourmet.ch\/de\/wp-json\/wp\/v2\/product"}],"about":[{"href":"https:\/\/www.greekgourmet.ch\/de\/wp-json\/wp\/v2\/types\/product"}],"wp:featuredmedia":[{"embeddable":true,"href":"https:\/\/www.greekgourmet.ch\/de\/wp-json\/wp\/v2\/media\/139064"}],"wp:attachment":[{"href":"https:\/\/www.greekgourmet.ch\/de\/wp-json\/wp\/v2\/media?parent=141185"}],"wp:term":[{"taxonomy":"product_brand","embeddable":true,"href":"https:\/\/www.greekgourmet.ch\/de\/wp-json\/wp\/v2\/product_brand?post=141185"},{"taxonomy":"product_cat","embeddable":true,"href":"https:\/\/www.greekgourmet.ch\/de\/wp-json\/wp\/v2\/product_cat?post=141185"},{"taxonomy":"product_tag","embeddable":true,"href":"https:\/\/www.greekgourmet.ch\/de\/wp-json\/wp\/v2\/product_tag?post=141185"}],"curies":[{"name":"wp","href":"https:\/\/api.w.org\/{rel}","templated":true}]}}