{"id":141183,"date":"2023-12-21T21:13:49","date_gmt":"2023-12-21T20:13:49","guid":{"rendered":"https:\/\/stage.greekgourmet.ch\/produkte\/unkategorisiert\/roots-kraeuterschnaps-30-70cl\/"},"modified":"2026-04-20T02:16:29","modified_gmt":"2026-04-20T00:16:29","slug":"roots-kraeuterschnaps-30-70cl","status":"publish","type":"product","link":"https:\/\/www.greekgourmet.ch\/de\/produkte\/ouzo-co\/weiteres\/roots-kraeuterschnaps-30-70cl\/","title":{"rendered":"Roots Kr\u00e4uterschnaps 30% 70cl"},"content":{"rendered":"<p>Origanum Dictamnus oder Diptam von Kreta (Diktamo), gilt als ein universales Heilkraut und ist der Meister einer Symphonie von Kr\u00e4utern und Gew\u00fcrzen die zusammen im Herb Spirit harmonisieren. Diptam wurde f\u00fcr seine medizinischen Eigenschaften seit der Antike bekannt. Selbst Aristoteles, als einer der alten Gelehrten, schrieb \u00fcber Diptam und einzigartigen Heilungskr\u00e4fte.<\/p>\n","protected":false},"excerpt":{"rendered":"<p>Origanum Dictamnus oder Diptam von Kreta (Diktamo), gilt als ein universales Heilkraut und ist der Meister einer Symphonie von Kr\u00e4utern und Gew\u00fcrzen die zusammen im Herb Spirit harmonisieren. Diptam wurde f\u00fcr seine medizinischen Eigenschaften seit der Antike bekannt. Selbst Aristoteles, als einer der alten Gelehrten, schrieb \u00fcber Diptam und einzigartigen Heilungskr\u00e4fte.<\/p>\n","protected":false},"featured_media":149351,"template":"","meta":{"_acf_changed":false},"product_brand":[],"product_cat":[901,909],"product_tag":[],"class_list":{"0":"post-141183","1":"product","2":"type-product","3":"status-publish","4":"has-post-thumbnail","6":"product_cat-ouzo-co","7":"product_cat-weiteres","9":"first","10":"instock","11":"taxable","12":"shipping-taxable","13":"purchasable","14":"product-type-variable","15":"has-default-attributes"},"acf":[],"_links":{"self":[{"href":"https:\/\/www.greekgourmet.ch\/de\/wp-json\/wp\/v2\/product\/141183","targetHints":{"allow":["GET"]}}],"collection":[{"href":"https:\/\/www.greekgourmet.ch\/de\/wp-json\/wp\/v2\/product"}],"about":[{"href":"https:\/\/www.greekgourmet.ch\/de\/wp-json\/wp\/v2\/types\/product"}],"wp:featuredmedia":[{"embeddable":true,"href":"https:\/\/www.greekgourmet.ch\/de\/wp-json\/wp\/v2\/media\/149351"}],"wp:attachment":[{"href":"https:\/\/www.greekgourmet.ch\/de\/wp-json\/wp\/v2\/media?parent=141183"}],"wp:term":[{"taxonomy":"product_brand","embeddable":true,"href":"https:\/\/www.greekgourmet.ch\/de\/wp-json\/wp\/v2\/product_brand?post=141183"},{"taxonomy":"product_cat","embeddable":true,"href":"https:\/\/www.greekgourmet.ch\/de\/wp-json\/wp\/v2\/product_cat?post=141183"},{"taxonomy":"product_tag","embeddable":true,"href":"https:\/\/www.greekgourmet.ch\/de\/wp-json\/wp\/v2\/product_tag?post=141183"}],"curies":[{"name":"wp","href":"https:\/\/api.w.org\/{rel}","templated":true}]}}