{"id":141058,"date":"2023-12-21T21:13:03","date_gmt":"2023-12-21T20:13:03","guid":{"rendered":"https:\/\/stage.greekgourmet.ch\/produkte\/unkategorisiert\/loukatos-ouzo-40-70cl\/"},"modified":"2026-05-15T14:16:05","modified_gmt":"2026-05-15T12:16:05","slug":"loukatos-ouzo-40-70cl","status":"publish","type":"product","link":"https:\/\/www.greekgourmet.ch\/de\/produkte\/ouzo-co\/ouzo\/loukatos-ouzo-40-70cl\/","title":{"rendered":"Loukatos Ouzo 40% 70cl"},"content":{"rendered":"<p>Der Ouzo von den Gebr\u00fcdern LOUKATOU besitzt ein starkes Aroma von Glykanisso und subtile Mastix, im Geschmack erkennt man seine starke und einpr\u00e4gsame Pers\u00f6nlichkeit. Der Ouzo Loukatos begleitet k\u00f6stlich alle Vorspeisen vor allem Fischgerichte. Er wird  pur oder mit kaltem Wasser und Eis getrunken. Probieren Sie Ouzo gemischt mit Orangensaft oder Limonade. Sehr erfrischend, vor allem an hei\u00dfen Tagen.<\/p>\n","protected":false},"excerpt":{"rendered":"<p>Der Ouzo von den Gebr\u00fcdern LOUKATOU besitzt ein starkes Aroma von Glykanisso und subtile Mastix, im Geschmack erkennt man seine starke und einpr\u00e4gsame Pers\u00f6nlichkeit. Der Ouzo Loukatos begleitet k\u00f6stlich alle Vorspeisen vor allem Fischgerichte. Er wird pur oder mit kaltem Wasser und Eis getrunken. Probieren Sie Ouzo gemischt mit Orangensaft oder Limonade. Sehr erfrischend, vor<\/p>\n","protected":false},"featured_media":138820,"template":"","meta":{"_acf_changed":false},"product_brand":[],"product_cat":[905,901],"product_tag":[],"class_list":{"0":"post-141058","1":"product","2":"type-product","3":"status-publish","4":"has-post-thumbnail","6":"product_cat-ouzo","7":"product_cat-ouzo-co","9":"first","10":"instock","11":"taxable","12":"shipping-taxable","13":"purchasable","14":"product-type-variable","15":"has-default-attributes"},"acf":[],"_links":{"self":[{"href":"https:\/\/www.greekgourmet.ch\/de\/wp-json\/wp\/v2\/product\/141058","targetHints":{"allow":["GET"]}}],"collection":[{"href":"https:\/\/www.greekgourmet.ch\/de\/wp-json\/wp\/v2\/product"}],"about":[{"href":"https:\/\/www.greekgourmet.ch\/de\/wp-json\/wp\/v2\/types\/product"}],"wp:featuredmedia":[{"embeddable":true,"href":"https:\/\/www.greekgourmet.ch\/de\/wp-json\/wp\/v2\/media\/138820"}],"wp:attachment":[{"href":"https:\/\/www.greekgourmet.ch\/de\/wp-json\/wp\/v2\/media?parent=141058"}],"wp:term":[{"taxonomy":"product_brand","embeddable":true,"href":"https:\/\/www.greekgourmet.ch\/de\/wp-json\/wp\/v2\/product_brand?post=141058"},{"taxonomy":"product_cat","embeddable":true,"href":"https:\/\/www.greekgourmet.ch\/de\/wp-json\/wp\/v2\/product_cat?post=141058"},{"taxonomy":"product_tag","embeddable":true,"href":"https:\/\/www.greekgourmet.ch\/de\/wp-json\/wp\/v2\/product_tag?post=141058"}],"curies":[{"name":"wp","href":"https:\/\/api.w.org\/{rel}","templated":true}]}}