{"id":141032,"date":"2023-12-21T21:12:51","date_gmt":"2023-12-21T20:12:51","guid":{"rendered":"https:\/\/stage.greekgourmet.ch\/produkte\/unkategorisiert\/lazaridi-oenotria-sa-2020-rot-14-75cl-bio\/"},"modified":"2026-04-20T18:16:27","modified_gmt":"2026-04-20T16:16:27","slug":"lazaridi-oenotria-sa-2020-rot-14-75cl-bio","status":"publish","type":"product","link":"https:\/\/www.greekgourmet.ch\/de\/produkte\/wein\/weinwelt\/lazaridi-oenotria-sa-2020-rot-14-75cl-bio\/","title":{"rendered":"Lazaridi Oenotria SA 2020 rot 14% 75cl &#8211; BIO"},"content":{"rendered":"<p>Trockener Rotwein mit rauchigem Bouquet. Cuv\u00e9e aus Syrah und Agiorgitiko. Seinen Ausbau erh\u00e4lt er im Barrique. Zu beachten ist: Die Abf\u00fcllung ist limitiert auf ca. 4000 Flaschen im Jahr!<\/p>\n","protected":false},"excerpt":{"rendered":"<p>Trockener Rotwein mit rauchigem Bouquet. Cuv\u00e9e aus Syrah und Agiorgitiko. Seinen Ausbau erh\u00e4lt er im Barrique. Zu beachten ist: Die Abf\u00fcllung ist limitiert auf ca. 4000 Flaschen im Jahr!<\/p>\n","protected":false},"featured_media":138768,"template":"","meta":{"_acf_changed":false},"product_brand":[],"product_cat":[461,894,466],"product_tag":[],"class_list":{"0":"post-141032","1":"product","2":"type-product","3":"status-publish","4":"has-post-thumbnail","6":"product_cat-weinwelt","7":"product_cat-wein","8":"product_cat-rotwein","10":"first","11":"instock","12":"taxable","13":"shipping-taxable","14":"purchasable","15":"product-type-variable","16":"has-default-attributes"},"acf":[],"_links":{"self":[{"href":"https:\/\/www.greekgourmet.ch\/de\/wp-json\/wp\/v2\/product\/141032","targetHints":{"allow":["GET"]}}],"collection":[{"href":"https:\/\/www.greekgourmet.ch\/de\/wp-json\/wp\/v2\/product"}],"about":[{"href":"https:\/\/www.greekgourmet.ch\/de\/wp-json\/wp\/v2\/types\/product"}],"wp:featuredmedia":[{"embeddable":true,"href":"https:\/\/www.greekgourmet.ch\/de\/wp-json\/wp\/v2\/media\/138768"}],"wp:attachment":[{"href":"https:\/\/www.greekgourmet.ch\/de\/wp-json\/wp\/v2\/media?parent=141032"}],"wp:term":[{"taxonomy":"product_brand","embeddable":true,"href":"https:\/\/www.greekgourmet.ch\/de\/wp-json\/wp\/v2\/product_brand?post=141032"},{"taxonomy":"product_cat","embeddable":true,"href":"https:\/\/www.greekgourmet.ch\/de\/wp-json\/wp\/v2\/product_cat?post=141032"},{"taxonomy":"product_tag","embeddable":true,"href":"https:\/\/www.greekgourmet.ch\/de\/wp-json\/wp\/v2\/product_tag?post=141032"}],"curies":[{"name":"wp","href":"https:\/\/api.w.org\/{rel}","templated":true}]}}