{"id":140950,"date":"2023-12-21T21:12:21","date_gmt":"2023-12-21T20:12:21","guid":{"rendered":"https:\/\/stage.greekgourmet.ch\/produkte\/unkategorisiert\/kechris-retsina-weiss-11-5-75cl\/"},"modified":"2026-05-15T16:16:01","modified_gmt":"2026-05-15T14:16:01","slug":"kechris-retsina-weiss-11-5-75cl","status":"publish","type":"product","link":"https:\/\/www.greekgourmet.ch\/de\/produkte\/wein\/weinwelt\/kechris-retsina-weiss-11-5-75cl\/","title":{"rendered":"Kechris Retsina weiss 11.5% 75cl"},"content":{"rendered":"<p>Im Sinne der Vision, die Stelios Kechris f\u00fcr den Retsina hatte, kombiniert der Kechribari (zu Deutsch: Bernstein) die besten Verfahren der Weinherstellung mit der langj\u00e4hrigen Familientradition. Es handelt sich um eine zeitgem\u00e4\u00dfe Herangehensweise an ein Erzeugnis mit einer Geschichte von tausenden Jahren. Ein Wein mit authentischem Charakter. Der Retsina, wie er sein sollte.<\/p>\n","protected":false},"excerpt":{"rendered":"<p>Im Sinne der Vision, die Stelios Kechris f\u00fcr den Retsina hatte, kombiniert der Kechribari (zu Deutsch: Bernstein) die besten Verfahren der Weinherstellung mit der langj\u00e4hrigen Familientradition. Es handelt sich um eine zeitgem\u00e4\u00dfe Herangehensweise an ein Erzeugnis mit einer Geschichte von tausenden Jahren. Ein Wein mit authentischem Charakter. Der Retsina, wie er sein sollte.<\/p>\n","protected":false},"featured_media":138638,"template":"","meta":{"_acf_changed":false},"product_brand":[],"product_cat":[461,894,895],"product_tag":[],"class_list":{"0":"post-140950","1":"product","2":"type-product","3":"status-publish","4":"has-post-thumbnail","6":"product_cat-weinwelt","7":"product_cat-wein","8":"product_cat-weisswein","10":"first","11":"instock","12":"taxable","13":"shipping-taxable","14":"purchasable","15":"product-type-variable","16":"has-default-attributes"},"acf":[],"_links":{"self":[{"href":"https:\/\/www.greekgourmet.ch\/de\/wp-json\/wp\/v2\/product\/140950","targetHints":{"allow":["GET"]}}],"collection":[{"href":"https:\/\/www.greekgourmet.ch\/de\/wp-json\/wp\/v2\/product"}],"about":[{"href":"https:\/\/www.greekgourmet.ch\/de\/wp-json\/wp\/v2\/types\/product"}],"wp:featuredmedia":[{"embeddable":true,"href":"https:\/\/www.greekgourmet.ch\/de\/wp-json\/wp\/v2\/media\/138638"}],"wp:attachment":[{"href":"https:\/\/www.greekgourmet.ch\/de\/wp-json\/wp\/v2\/media?parent=140950"}],"wp:term":[{"taxonomy":"product_brand","embeddable":true,"href":"https:\/\/www.greekgourmet.ch\/de\/wp-json\/wp\/v2\/product_brand?post=140950"},{"taxonomy":"product_cat","embeddable":true,"href":"https:\/\/www.greekgourmet.ch\/de\/wp-json\/wp\/v2\/product_cat?post=140950"},{"taxonomy":"product_tag","embeddable":true,"href":"https:\/\/www.greekgourmet.ch\/de\/wp-json\/wp\/v2\/product_tag?post=140950"}],"curies":[{"name":"wp","href":"https:\/\/api.w.org\/{rel}","templated":true}]}}