{"id":140914,"date":"2023-12-21T21:11:53","date_gmt":"2023-12-21T20:11:53","guid":{"rendered":"https:\/\/stage.greekgourmet.ch\/produkte\/unkategorisiert\/hatzakou-strudelteig-fuer-kataifi-450g\/"},"modified":"2026-04-24T22:15:59","modified_gmt":"2026-04-24T20:15:59","slug":"hatzakou-strudelteig-fuer-kataifi-450g","status":"publish","type":"product","link":"https:\/\/www.greekgourmet.ch\/de\/produkte\/tiefgekuehltes\/filo-blaetterteig\/hatzakou-strudelteig-fuer-kataifi-450g\/","title":{"rendered":"Hatzakou Strudelteig f\u00fcr Kataifi 450g"},"content":{"rendered":"<p>Reine Zutaten und Mehl von au\u00dfergew\u00f6hnlicher Qualit\u00e4t in selbstaufgehendem Bl\u00e4tterteig, der seine urspr\u00fcngliche Form und sein Volumen nicht verliert. Es nimmt eine k\u00f6stliche Farbe an und hat einen au\u00dfergew\u00f6hnlichen Geschmack. Es ist ideal f\u00fcr Pasteten, Bl\u00e4tterteigsirupbonbons, Mille-Feuille, Torten, Quiche-Lorraine und Gialakia (Brille).<\/p>\n","protected":false},"excerpt":{"rendered":"<p>Reine Zutaten und Mehl von au\u00dfergew\u00f6hnlicher Qualit\u00e4t in selbstaufgehendem Bl\u00e4tterteig, der seine urspr\u00fcngliche Form und sein Volumen nicht verliert. Es nimmt eine k\u00f6stliche Farbe an und hat einen au\u00dfergew\u00f6hnlichen Geschmack. Es ist ideal f\u00fcr Pasteten, Bl\u00e4tterteigsirupbonbons, Mille-Feuille, Torten, Quiche-Lorraine und Gialakia (Brille).<\/p>\n","protected":false},"featured_media":138570,"template":"","meta":{"_acf_changed":false},"product_brand":[],"product_cat":[920,919],"product_tag":[],"class_list":{"0":"post-140914","1":"product","2":"type-product","3":"status-publish","4":"has-post-thumbnail","6":"product_cat-filo-blaetterteig","7":"product_cat-tiefgekuehltes","9":"first","10":"instock","11":"taxable","12":"shipping-taxable","13":"purchasable","14":"product-type-variable","15":"has-default-attributes"},"acf":[],"_links":{"self":[{"href":"https:\/\/www.greekgourmet.ch\/de\/wp-json\/wp\/v2\/product\/140914","targetHints":{"allow":["GET"]}}],"collection":[{"href":"https:\/\/www.greekgourmet.ch\/de\/wp-json\/wp\/v2\/product"}],"about":[{"href":"https:\/\/www.greekgourmet.ch\/de\/wp-json\/wp\/v2\/types\/product"}],"wp:featuredmedia":[{"embeddable":true,"href":"https:\/\/www.greekgourmet.ch\/de\/wp-json\/wp\/v2\/media\/138570"}],"wp:attachment":[{"href":"https:\/\/www.greekgourmet.ch\/de\/wp-json\/wp\/v2\/media?parent=140914"}],"wp:term":[{"taxonomy":"product_brand","embeddable":true,"href":"https:\/\/www.greekgourmet.ch\/de\/wp-json\/wp\/v2\/product_brand?post=140914"},{"taxonomy":"product_cat","embeddable":true,"href":"https:\/\/www.greekgourmet.ch\/de\/wp-json\/wp\/v2\/product_cat?post=140914"},{"taxonomy":"product_tag","embeddable":true,"href":"https:\/\/www.greekgourmet.ch\/de\/wp-json\/wp\/v2\/product_tag?post=140914"}],"curies":[{"name":"wp","href":"https:\/\/api.w.org\/{rel}","templated":true}]}}