{"id":140832,"date":"2023-12-21T21:11:23","date_gmt":"2023-12-21T20:11:23","guid":{"rendered":"https:\/\/stage.greekgourmet.ch\/produkte\/unkategorisiert\/evritika-tsipouro-40-70cl\/"},"modified":"2026-04-24T22:15:58","modified_gmt":"2026-04-24T20:15:58","slug":"evritika-tsipouro-40-70cl","status":"publish","type":"product","link":"https:\/\/www.greekgourmet.ch\/de\/produkte\/ouzo-co\/tsipouro\/evritika-tsipouro-40-70cl\/","title":{"rendered":"Evritika Tsipouro 40% 70cl"},"content":{"rendered":"<p>Traditionelles Tsipouro<br \/>\nInnerhalb des traditionellen Steins aus Kupfer kocht dieser traditionelle Tsipouro mit Geduld und Sorgfalt doppelt. Der unverwechselbare Geschmack kombiniert mit jeder Art von Stimmung.<\/p>\n<p>Je nach Jahreszeit wird Tsipouro entweder als Erfrischung oder als Hei\u00dfgetr\u00e4nk verwendet und scheint immer mit verschiedenen gesellschaftlichen Zusammenk\u00fcnften zusammenzufallen, da ihr Konsum eine festliche und symposiumartige Qualit\u00e4t hatte. Es wird normalerweise in Schnapsgl\u00e4sern serviert, sehr kalt, oft mit Meze, Waln\u00fcssen, Mandeln, Rosinen, Feta-K\u00e4se, Oliven oder dazugeh\u00f6rigen Halva oder anderen Desserts in Restaurants.<\/p>\n","protected":false},"excerpt":{"rendered":"<p>Traditionelles Tsipouro Innerhalb des traditionellen Steins aus Kupfer kocht dieser traditionelle Tsipouro mit Geduld und Sorgfalt doppelt. Der unverwechselbare Geschmack kombiniert mit jeder Art von Stimmung. Je nach Jahreszeit wird Tsipouro entweder als Erfrischung oder als Hei\u00dfgetr\u00e4nk verwendet und scheint immer mit verschiedenen gesellschaftlichen Zusammenk\u00fcnften zusammenzufallen, da ihr Konsum eine festliche und symposiumartige Qualit\u00e4t hatte.<\/p>\n","protected":false},"featured_media":149475,"template":"","meta":{"_acf_changed":false},"product_brand":[],"product_cat":[901,906],"product_tag":[],"class_list":{"0":"post-140832","1":"product","2":"type-product","3":"status-publish","4":"has-post-thumbnail","6":"product_cat-ouzo-co","7":"product_cat-tsipouro","9":"first","10":"instock","11":"taxable","12":"shipping-taxable","13":"purchasable","14":"product-type-variable","15":"has-default-attributes"},"acf":[],"_links":{"self":[{"href":"https:\/\/www.greekgourmet.ch\/de\/wp-json\/wp\/v2\/product\/140832","targetHints":{"allow":["GET"]}}],"collection":[{"href":"https:\/\/www.greekgourmet.ch\/de\/wp-json\/wp\/v2\/product"}],"about":[{"href":"https:\/\/www.greekgourmet.ch\/de\/wp-json\/wp\/v2\/types\/product"}],"wp:featuredmedia":[{"embeddable":true,"href":"https:\/\/www.greekgourmet.ch\/de\/wp-json\/wp\/v2\/media\/149475"}],"wp:attachment":[{"href":"https:\/\/www.greekgourmet.ch\/de\/wp-json\/wp\/v2\/media?parent=140832"}],"wp:term":[{"taxonomy":"product_brand","embeddable":true,"href":"https:\/\/www.greekgourmet.ch\/de\/wp-json\/wp\/v2\/product_brand?post=140832"},{"taxonomy":"product_cat","embeddable":true,"href":"https:\/\/www.greekgourmet.ch\/de\/wp-json\/wp\/v2\/product_cat?post=140832"},{"taxonomy":"product_tag","embeddable":true,"href":"https:\/\/www.greekgourmet.ch\/de\/wp-json\/wp\/v2\/product_tag?post=140832"}],"curies":[{"name":"wp","href":"https:\/\/api.w.org\/{rel}","templated":true}]}}