{"id":140790,"date":"2023-12-21T21:11:09","date_gmt":"2023-12-21T20:11:09","guid":{"rendered":"https:\/\/stage.greekgourmet.ch\/produkte\/unkategorisiert\/dodoni-kefalograviera-200g\/"},"modified":"2026-04-24T22:15:57","modified_gmt":"2026-04-24T20:15:57","slug":"dodoni-kefalograviera-200g","status":"publish","type":"product","link":"https:\/\/www.greekgourmet.ch\/de\/produkte\/gekuehltes\/kaese\/dodoni-kefalograviera-200g\/","title":{"rendered":"Dodoni Kefalograviera 200g"},"content":{"rendered":"<p>DODONI Kefalograviera ist einer der beliebtesten griechischen K\u00e4sesorten, fest in der Textur und ausschlie\u00dflich nach pasteurisierter Schaf- und Ziegenmilch nach dem authentischen traditionellen Rezept hergestellt. Als Produkt der gesch\u00fctzten Ursprungsbezeichnung (P.D.O.) eignet es sich hervorragend als Beilage, da es hervorragend zum Grillen in Scheiben oder W\u00fcrfeln, als angenehme Begleitung zu Rotweinen oder sogar zu gebackenen Gerichten oder \u00fcber Nudeln gerieben geeignet ist. Sein reichhaltiger Geschmack ist sowohl erhebend als auch angenehm \u00fcberraschend!<\/p>\n","protected":false},"excerpt":{"rendered":"<p>DODONI Kefalograviera ist einer der beliebtesten griechischen K\u00e4sesorten, fest in der Textur und ausschlie\u00dflich nach pasteurisierter Schaf- und Ziegenmilch nach dem authentischen traditionellen Rezept hergestellt. Als Produkt der gesch\u00fctzten Ursprungsbezeichnung (P.D.O.) eignet es sich hervorragend als Beilage, da es hervorragend zum Grillen in Scheiben oder W\u00fcrfeln, als angenehme Begleitung zu Rotweinen oder sogar zu gebackenen<\/p>\n","protected":false},"featured_media":138342,"template":"","meta":{"_acf_changed":false},"product_brand":[],"product_cat":[913,915],"product_tag":[],"class_list":{"0":"post-140790","1":"product","2":"type-product","3":"status-publish","4":"has-post-thumbnail","6":"product_cat-gekuehltes","7":"product_cat-kaese","9":"first","10":"instock","11":"taxable","12":"shipping-taxable","13":"purchasable","14":"product-type-variable","15":"has-default-attributes"},"acf":[],"_links":{"self":[{"href":"https:\/\/www.greekgourmet.ch\/de\/wp-json\/wp\/v2\/product\/140790","targetHints":{"allow":["GET"]}}],"collection":[{"href":"https:\/\/www.greekgourmet.ch\/de\/wp-json\/wp\/v2\/product"}],"about":[{"href":"https:\/\/www.greekgourmet.ch\/de\/wp-json\/wp\/v2\/types\/product"}],"wp:featuredmedia":[{"embeddable":true,"href":"https:\/\/www.greekgourmet.ch\/de\/wp-json\/wp\/v2\/media\/138342"}],"wp:attachment":[{"href":"https:\/\/www.greekgourmet.ch\/de\/wp-json\/wp\/v2\/media?parent=140790"}],"wp:term":[{"taxonomy":"product_brand","embeddable":true,"href":"https:\/\/www.greekgourmet.ch\/de\/wp-json\/wp\/v2\/product_brand?post=140790"},{"taxonomy":"product_cat","embeddable":true,"href":"https:\/\/www.greekgourmet.ch\/de\/wp-json\/wp\/v2\/product_cat?post=140790"},{"taxonomy":"product_tag","embeddable":true,"href":"https:\/\/www.greekgourmet.ch\/de\/wp-json\/wp\/v2\/product_tag?post=140790"}],"curies":[{"name":"wp","href":"https:\/\/api.w.org\/{rel}","templated":true}]}}