{"id":140786,"date":"2023-12-21T21:11:05","date_gmt":"2023-12-21T20:11:05","guid":{"rendered":"https:\/\/stage.greekgourmet.ch\/produkte\/unkategorisiert\/dekaraki-tsipouro-muscat-40-70cl\/"},"modified":"2026-04-24T22:15:57","modified_gmt":"2026-04-24T20:15:57","slug":"dekaraki-tsipouro-muscat-40-70cl","status":"publish","type":"product","link":"https:\/\/www.greekgourmet.ch\/de\/produkte\/ouzo-co\/tsipouro\/dekaraki-tsipouro-muscat-40-70cl\/","title":{"rendered":"Dekaraki Tsipouro Muscat 40% 70cl"},"content":{"rendered":"<p>Dekaraki Moschato ist das erste Einsorten-Tsipouro, das nur ein Destillationsprodukt von Moschato Tyrnavos ist und somit die Qualit\u00e4t und die aromatischen Eigenschaften dieser feinen Sorte auf das Maximum bringt.<br \/>\nDie Moschato-Sorte ist das &#8220;Geheimnis&#8221; des Rufes<br \/>\nvon Tsipouro Tyrnavos. Dies liegt daran, dass es sich in einzigartiger Weise mit dem Klima und dem Boden der Region abgestimmt hat und seinen ausgepr\u00e4gten aromatischen Charakter entwickelt hat. Schlie\u00dflich ist Tyrnavos ein globaler Bezugspunkt f\u00fcr diese ber\u00fchmte Sorte, da ihr Anbau 15.000 Hektar umfasst! Tats\u00e4chlich ist das Dorf Damasi Tyrnavos, ein Ort, an dem Moschato f\u00fcr &#8220;Dekaraki Moschato&#8221; angebaut wird, ber\u00fchmt f\u00fcr den Weinberg Moschato, der einer der gr\u00f6\u00dften Weinberge der Region ist. Es ist eine rote Sorte und ihre Ernte findet Mitte September statt.<br \/>\nDas Tsipouro &#8220;Decaraki Moschato&#8221; wird nur<br \/>\naus Moschato-Trauben hergestellt. Sein einzigartiges Aroma und unvergleichlicher Geschmack, der vom ersten Schluck an zu sp\u00fcren ist, sind ein fester Beweis f\u00fcr seine Zahlungen, seine hohe Qualit\u00e4t und die Kunst des Brenners<\/p>\n<p>&#8220;Dekaraki Moschato&#8221; wurde in Tyrnavos geboren und schlie\u00dft in seiner Flasche die ganze Authentizit\u00e4t und Tradition des Ortes. Schlie\u00dflich ist seine Herkunft an sich auch ein Garant f\u00fcr seine Qualit\u00e4t! Und wenn Thessaly f\u00fcr die Herstellung von Tsipouro ber\u00fchmt ist, ist Tyrnavos die Heimatstadt des feinen Tsipouro, dank der Sorte Moschato, die in der Region gedeiht, aber auch der langen Tradition, die im Laufe der Jahrhunderte unver\u00e4ndert erhalten ist und von Generation zu Generation \u00fcbergeht!<br \/>\nDer Name &#8220;Tsipouro Tyrnavos&#8221; ist keine zuf\u00e4llige geografische<br \/>\nAngabe, die von der Europ\u00e4ischen Union anerkannt und gesch\u00fctzt wird.<\/p>\n","protected":false},"excerpt":{"rendered":"<p>Dekaraki Moschato ist das erste Einsorten-Tsipouro, das nur ein Destillationsprodukt von Moschato Tyrnavos ist und somit die Qualit\u00e4t und die aromatischen Eigenschaften dieser feinen Sorte auf das Maximum bringt. Die Moschato-Sorte ist das &#8220;Geheimnis&#8221; des Rufes von Tsipouro Tyrnavos. Dies liegt daran, dass es sich in einzigartiger Weise mit dem Klima und dem Boden der<\/p>\n","protected":false},"featured_media":149305,"template":"","meta":{"_acf_changed":false},"product_brand":[],"product_cat":[901,906],"product_tag":[],"class_list":{"0":"post-140786","1":"product","2":"type-product","3":"status-publish","4":"has-post-thumbnail","6":"product_cat-ouzo-co","7":"product_cat-tsipouro","9":"first","10":"instock","11":"taxable","12":"shipping-taxable","13":"purchasable","14":"product-type-variable","15":"has-default-attributes"},"acf":[],"_links":{"self":[{"href":"https:\/\/www.greekgourmet.ch\/de\/wp-json\/wp\/v2\/product\/140786","targetHints":{"allow":["GET"]}}],"collection":[{"href":"https:\/\/www.greekgourmet.ch\/de\/wp-json\/wp\/v2\/product"}],"about":[{"href":"https:\/\/www.greekgourmet.ch\/de\/wp-json\/wp\/v2\/types\/product"}],"wp:featuredmedia":[{"embeddable":true,"href":"https:\/\/www.greekgourmet.ch\/de\/wp-json\/wp\/v2\/media\/149305"}],"wp:attachment":[{"href":"https:\/\/www.greekgourmet.ch\/de\/wp-json\/wp\/v2\/media?parent=140786"}],"wp:term":[{"taxonomy":"product_brand","embeddable":true,"href":"https:\/\/www.greekgourmet.ch\/de\/wp-json\/wp\/v2\/product_brand?post=140786"},{"taxonomy":"product_cat","embeddable":true,"href":"https:\/\/www.greekgourmet.ch\/de\/wp-json\/wp\/v2\/product_cat?post=140786"},{"taxonomy":"product_tag","embeddable":true,"href":"https:\/\/www.greekgourmet.ch\/de\/wp-json\/wp\/v2\/product_tag?post=140786"}],"curies":[{"name":"wp","href":"https:\/\/api.w.org\/{rel}","templated":true}]}}