{"id":140654,"date":"2023-12-21T21:10:13","date_gmt":"2023-12-21T20:10:13","guid":{"rendered":"https:\/\/stage.greekgourmet.ch\/produkte\/unkategorisiert\/agrino-kichererbsen-500g\/"},"modified":"2026-04-20T10:16:10","modified_gmt":"2026-04-20T08:16:10","slug":"agrino-kichererbsen-500g","status":"publish","type":"product","link":"https:\/\/www.greekgourmet.ch\/de\/produkte\/greek-traditional\/bohnen-linsen\/agrino-kichererbsen-500g\/","title":{"rendered":"Agrino Kichererbsen 500g"},"content":{"rendered":"<p>Speziell ausgelesene Kichererbsen aus Mexiko.<br \/>\nSie sind wortw\u00f6rtlich richtige &#8220;N\u00e4hrstoffbomben&#8221;, in Ihnen stecken jede menge Proteine, Mineralstoffe und Spurenelemente. Sie sind reich an B-Vitaminen und Ballaststoffen: Eine perfekte Wahl f\u00fcr alle Veganer, Gesundheits- und Figurbewusste. Au\u00dferdem sollen sie sich positiv auf das Herzkreislaufsystem und die Verdauung auswirken. Aus Ihnen k\u00f6nnen leckere Gerichte wie Hummus und Falafel zubereitet werden.<\/p>\n","protected":false},"excerpt":{"rendered":"<p>Speziell ausgelesene Kichererbsen aus Mexiko. Sie sind wortw\u00f6rtlich richtige &#8220;N\u00e4hrstoffbomben&#8221;, in Ihnen stecken jede menge Proteine, Mineralstoffe und Spurenelemente. Sie sind reich an B-Vitaminen und Ballaststoffen: Eine perfekte Wahl f\u00fcr alle Veganer, Gesundheits- und Figurbewusste. Au\u00dferdem sollen sie sich positiv auf das Herzkreislaufsystem und die Verdauung auswirken. Aus Ihnen k\u00f6nnen leckere Gerichte wie Hummus und<\/p>\n","protected":false},"featured_media":138042,"template":"","meta":{"_acf_changed":false},"product_brand":[],"product_cat":[926,68],"product_tag":[],"class_list":{"0":"post-140654","1":"product","2":"type-product","3":"status-publish","4":"has-post-thumbnail","6":"product_cat-greek-traditional","7":"product_cat-bohnen-linsen","9":"first","10":"instock","11":"taxable","12":"shipping-taxable","13":"purchasable","14":"product-type-variable","15":"has-default-attributes"},"acf":[],"_links":{"self":[{"href":"https:\/\/www.greekgourmet.ch\/de\/wp-json\/wp\/v2\/product\/140654","targetHints":{"allow":["GET"]}}],"collection":[{"href":"https:\/\/www.greekgourmet.ch\/de\/wp-json\/wp\/v2\/product"}],"about":[{"href":"https:\/\/www.greekgourmet.ch\/de\/wp-json\/wp\/v2\/types\/product"}],"wp:featuredmedia":[{"embeddable":true,"href":"https:\/\/www.greekgourmet.ch\/de\/wp-json\/wp\/v2\/media\/138042"}],"wp:attachment":[{"href":"https:\/\/www.greekgourmet.ch\/de\/wp-json\/wp\/v2\/media?parent=140654"}],"wp:term":[{"taxonomy":"product_brand","embeddable":true,"href":"https:\/\/www.greekgourmet.ch\/de\/wp-json\/wp\/v2\/product_brand?post=140654"},{"taxonomy":"product_cat","embeddable":true,"href":"https:\/\/www.greekgourmet.ch\/de\/wp-json\/wp\/v2\/product_cat?post=140654"},{"taxonomy":"product_tag","embeddable":true,"href":"https:\/\/www.greekgourmet.ch\/de\/wp-json\/wp\/v2\/product_tag?post=140654"}],"curies":[{"name":"wp","href":"https:\/\/api.w.org\/{rel}","templated":true}]}}